{"id":274,"date":"2020-08-05T16:43:08","date_gmt":"2020-08-05T14:43:08","guid":{"rendered":"https:\/\/www.victoriagarden.com\/?page_id=274"},"modified":"2026-02-02T11:53:50","modified_gmt":"2026-02-02T10:53:50","slug":"reservez-appart-hotel","status":"publish","type":"page","link":"https:\/\/www.victoriagarden.com\/es\/","title":{"rendered":"Home"},"content":{"rendered":"\n<p>Reserve ahora su Appart Hotel para una estancia corta o larga al mejor precio. Descubra nuestras ofertas en Burdeos, Pau y La Ciotat.<\/p>\n\n\n\n<h3 class=\"wp-block-heading\">Bordeaux<\/h3>\n\n\n\n<p>Descubra nuestro aparthotel de 3 estrellas Victoria Garden en <a href=\"https:\/\/www.victoriagarden.com\/es\/?post_type=destination&amp;p=1863\">Bordeaux<\/a>. Con 100 habitaciones, seguro que encontrar\u00e1 una que le convenga. Nuestros pisos amueblados est\u00e1n equipados con una cocina americana y un ba\u00f1o. Nuestra residencia est\u00e1 idealmente situada en el centro de la ciudad, a 700 metros de la Place de la Victoire y cerca de la Gare Saint Jean. Por \u00faltimo, nuestra residencia tambi\u00e9n ofrece un aparcamiento seguro y dos salas para organizar sus eventos profesionales.<\/p>\n\n\n\n<h3 class=\"wp-block-heading\">Pau<\/h3>\n\n\n\n<p>Reserve nuestro aparthotel de 3 estrellas Victoria Garden en <a href=\"https:\/\/www.victoriagarden.com\/es\/?post_type=destination&amp;p=1862\">Pau<\/a>, para sus vacaciones o viajes de negocios en la capital de Bearn. Nuestra residencia es f\u00e1cilmente accesible desde la estaci\u00f3n de tren y el aeropuerto. Cada uno de nuestros pisos est\u00e1 amueblado, con aire acondicionado, equipado con una cocina americana y un ba\u00f1o. Adem\u00e1s, todos est\u00e1n equipados para personas con movilidad reducida. Adem\u00e1s, ponemos a su disposici\u00f3n un aparcamiento seguro.<\/p>\n\n\n\n<h3 class=\"wp-block-heading\">La Ciotat<\/h3>\n\n\n\n<p>\u00bfPrefiere estar al sol y cerca del mar? Nuestro aparthotel Victoria Garden en <a href=\"https:\/\/www.victoriagarden.com\/es\/?post_type=destination&amp;p=1861\">La Ciotat <\/a>es el lugar ideal para usted. Cada uno de nuestros pisos est\u00e1 amueblado, climatizado, equipado con una cocina americana y un ba\u00f1o. Todas tienen acceso a una terraza o a un balc\u00f3n. Nuestro aparthotel cuenta con una piscina y un aparcamiento gratuito y seguro. Por lo dem\u00e1s, estamos junto a una peque\u00f1a playa de guijarros.<\/p>\n\n\n\n<p>Todos nuestros pisos son perfectos para la pernoctaci\u00f3n de varias personas, para viajes de turismo o de negocios. Adem\u00e1s, \u00a1aceptamos mascotas!<\/p>\n\n\n\n<p>Por \u00faltimo, tambi\u00e9n le ofrecemos nuestras habitaciones de hu\u00e9spedes en <a href=\"https:\/\/maison-manege.com\/\">La Maison Man\u00e8ge<\/a>. Situado en el coraz\u00f3n de Burdeos, cerca de la plaza Gambetta.<\/p>\n\n\n\n<figure class=\"wp-block-image size-large\"><img decoding=\"async\" width=\"1024\" height=\"683\" src=\"https:\/\/www.victoriagarden.com\/wp-content\/uploads\/2021\/04\/28-1024x683.jpg\" alt=\"Appart h\u00f4tel Victoria Garden Bordeaux et son studio sup\u00e9rieure avec terrasse\" class=\"wp-image-1550\" srcset=\"https:\/\/www.victoriagarden.com\/wp-content\/uploads\/2021\/04\/28-1024x683.jpg 1024w, https:\/\/www.victoriagarden.com\/wp-content\/uploads\/2021\/04\/28-300x200.jpg 300w, https:\/\/www.victoriagarden.com\/wp-content\/uploads\/2021\/04\/28-768x512.jpg 768w, https:\/\/www.victoriagarden.com\/wp-content\/uploads\/2021\/04\/28-1536x1024.jpg 1536w, https:\/\/www.victoriagarden.com\/wp-content\/uploads\/2021\/04\/28-160x107.jpg 160w, https:\/\/www.victoriagarden.com\/wp-content\/uploads\/2021\/04\/28-930x620.jpg 930w, https:\/\/www.victoriagarden.com\/wp-content\/uploads\/2021\/04\/28-656x437.jpg 656w, https:\/\/www.victoriagarden.com\/wp-content\/uploads\/2021\/04\/28-480x320.jpg 480w, https:\/\/www.victoriagarden.com\/wp-content\/uploads\/2021\/04\/28-320x213.jpg 320w, https:\/\/www.victoriagarden.com\/wp-content\/uploads\/2021\/04\/28-855x570.jpg 855w, https:\/\/www.victoriagarden.com\/wp-content\/uploads\/2021\/04\/28-540x360.jpg 540w, https:\/\/www.victoriagarden.com\/wp-content\/uploads\/2021\/04\/28-280x187.jpg 280w, https:\/\/www.victoriagarden.com\/wp-content\/uploads\/2021\/04\/28-96x64.jpg 96w, https:\/\/www.victoriagarden.com\/wp-content\/uploads\/2021\/04\/28-40x27.jpg 40w, https:\/\/www.victoriagarden.com\/wp-content\/uploads\/2021\/04\/28-530x353.jpg 530w, https:\/\/www.victoriagarden.com\/wp-content\/uploads\/2021\/04\/28-257x171.jpg 257w, https:\/\/www.victoriagarden.com\/wp-content\/uploads\/2021\/04\/28-600x400.jpg 600w, https:\/\/www.victoriagarden.com\/wp-content\/uploads\/2021\/04\/28-70x47.jpg 70w, https:\/\/www.victoriagarden.com\/wp-content\/uploads\/2021\/04\/28.jpg 1620w\" sizes=\"(max-width: 1024px) 100vw, 1024px\" \/><figcaption class=\"wp-element-caption\">Studio avec roof top &#8211; terrasse &#8211; Bordeaux &#8211; toits de Bordeaux <\/figcaption><\/figure>\n","protected":false},"excerpt":{"rendered":"","protected":false},"author":12,"featured_media":0,"parent":0,"menu_order":0,"comment_status":"closed","ping_status":"closed","template":"","meta":{"footnotes":""},"class_list":["post-274","page","type-page","status-publish","hentry"],"acf":[],"yoast_head":"<!-- This site is optimized with the Yoast SEO plugin v20.8 - https:\/\/yoast.com\/wordpress\/plugins\/seo\/ -->\n<title>Reserve su Appart Hotel en Bordeaux, La Ciotat y Pau - Victoria Garden<\/title>\n<meta name=\"description\" content=\"Reserve ahora su Appart Hotel para una estancia corta o larga al mejor precio. Descubra nuestras ofertas en Burdeos, La Ciotat y Pau.\" \/>\n<meta name=\"robots\" content=\"index, follow, max-snippet:-1, max-image-preview:large, max-video-preview:-1\" \/>\n<link rel=\"canonical\" href=\"https:\/\/www.victoriagarden.com\/es\/\" \/>\n<meta property=\"og:locale\" content=\"es_ES\" \/>\n<meta property=\"og:type\" content=\"article\" \/>\n<meta property=\"og:title\" content=\"Reserve su Appart Hotel en Bordeaux, La Ciotat y Pau - Victoria Garden\" \/>\n<meta property=\"og:description\" content=\"Reserve ahora su Appart Hotel para una estancia corta o larga al mejor precio. Descubra nuestras ofertas en Burdeos, La Ciotat y Pau.\" \/>\n<meta property=\"og:url\" content=\"https:\/\/www.victoriagarden.com\/es\/\" \/>\n<meta property=\"og:site_name\" content=\"Victoria Garden\" \/>\n<meta property=\"article:modified_time\" content=\"2026-02-02T10:53:50+00:00\" \/>\n<meta property=\"og:image\" content=\"https:\/\/www.victoriagarden.com\/wp-content\/uploads\/2021\/04\/28-1024x683.jpg\" \/>\n<meta name=\"twitter:card\" content=\"summary_large_image\" \/>\n<meta name=\"twitter:label1\" content=\"Tiempo de lectura\" \/>\n\t<meta name=\"twitter:data1\" content=\"2 minutos\" \/>\n<script type=\"application\/ld+json\" class=\"yoast-schema-graph\">{\"@context\":\"https:\/\/schema.org\",\"@graph\":[{\"@type\":\"WebPage\",\"@id\":\"https:\/\/www.victoriagarden.com\/es\/\",\"url\":\"https:\/\/www.victoriagarden.com\/es\/\",\"name\":\"Reserve su Appart Hotel en Bordeaux, La Ciotat y Pau - Victoria Garden\",\"isPartOf\":{\"@id\":\"https:\/\/www.victoriagarden.com\/#website\"},\"datePublished\":\"2020-08-05T14:43:08+00:00\",\"dateModified\":\"2026-02-02T10:53:50+00:00\",\"description\":\"Reserve ahora su Appart Hotel para una estancia corta o larga al mejor precio. Descubra nuestras ofertas en Burdeos, La Ciotat y Pau.\",\"breadcrumb\":{\"@id\":\"https:\/\/www.victoriagarden.com\/es\/#breadcrumb\"},\"inLanguage\":\"es\",\"potentialAction\":[{\"@type\":\"ReadAction\",\"target\":[\"https:\/\/www.victoriagarden.com\/es\/\"]}]},{\"@type\":\"BreadcrumbList\",\"@id\":\"https:\/\/www.victoriagarden.com\/es\/#breadcrumb\",\"itemListElement\":[{\"@type\":\"ListItem\",\"position\":1,\"name\":\"Accueil\",\"item\":\"https:\/\/www.victoriagarden.com\/es\/\"},{\"@type\":\"ListItem\",\"position\":2,\"name\":\"Home\"}]},{\"@type\":\"WebSite\",\"@id\":\"https:\/\/www.victoriagarden.com\/#website\",\"url\":\"https:\/\/www.victoriagarden.com\/\",\"name\":\"Victoria Garden\",\"description\":\"Le d\u00e9paysement n&#039;a jamais \u00e9t\u00e9 aussi proche\",\"potentialAction\":[{\"@type\":\"SearchAction\",\"target\":{\"@type\":\"EntryPoint\",\"urlTemplate\":\"https:\/\/www.victoriagarden.com\/?s={search_term_string}\"},\"query-input\":\"required name=search_term_string\"}],\"inLanguage\":\"es\"}]}<\/script>\n<!-- \/ Yoast SEO plugin. -->","yoast_head_json":{"title":"Reserve su Appart Hotel en Bordeaux, La Ciotat y Pau - Victoria Garden","description":"Reserve ahora su Appart Hotel para una estancia corta o larga al mejor precio. Descubra nuestras ofertas en Burdeos, La Ciotat y Pau.","robots":{"index":"index","follow":"follow","max-snippet":"max-snippet:-1","max-image-preview":"max-image-preview:large","max-video-preview":"max-video-preview:-1"},"canonical":"https:\/\/www.victoriagarden.com\/es\/","og_locale":"es_ES","og_type":"article","og_title":"Reserve su Appart Hotel en Bordeaux, La Ciotat y Pau - Victoria Garden","og_description":"Reserve ahora su Appart Hotel para una estancia corta o larga al mejor precio. Descubra nuestras ofertas en Burdeos, La Ciotat y Pau.","og_url":"https:\/\/www.victoriagarden.com\/es\/","og_site_name":"Victoria Garden","article_modified_time":"2026-02-02T10:53:50+00:00","og_image":[{"url":"https:\/\/www.victoriagarden.com\/wp-content\/uploads\/2021\/04\/28-1024x683.jpg"}],"twitter_card":"summary_large_image","twitter_misc":{"Tiempo de lectura":"2 minutos"},"schema":{"@context":"https:\/\/schema.org","@graph":[{"@type":"WebPage","@id":"https:\/\/www.victoriagarden.com\/es\/","url":"https:\/\/www.victoriagarden.com\/es\/","name":"Reserve su Appart Hotel en Bordeaux, La Ciotat y Pau - Victoria Garden","isPartOf":{"@id":"https:\/\/www.victoriagarden.com\/#website"},"datePublished":"2020-08-05T14:43:08+00:00","dateModified":"2026-02-02T10:53:50+00:00","description":"Reserve ahora su Appart Hotel para una estancia corta o larga al mejor precio. Descubra nuestras ofertas en Burdeos, La Ciotat y Pau.","breadcrumb":{"@id":"https:\/\/www.victoriagarden.com\/es\/#breadcrumb"},"inLanguage":"es","potentialAction":[{"@type":"ReadAction","target":["https:\/\/www.victoriagarden.com\/es\/"]}]},{"@type":"BreadcrumbList","@id":"https:\/\/www.victoriagarden.com\/es\/#breadcrumb","itemListElement":[{"@type":"ListItem","position":1,"name":"Accueil","item":"https:\/\/www.victoriagarden.com\/es\/"},{"@type":"ListItem","position":2,"name":"Home"}]},{"@type":"WebSite","@id":"https:\/\/www.victoriagarden.com\/#website","url":"https:\/\/www.victoriagarden.com\/","name":"Victoria Garden","description":"Le d\u00e9paysement n&#039;a jamais \u00e9t\u00e9 aussi proche","potentialAction":[{"@type":"SearchAction","target":{"@type":"EntryPoint","urlTemplate":"https:\/\/www.victoriagarden.com\/?s={search_term_string}"},"query-input":"required name=search_term_string"}],"inLanguage":"es"}]}},"_links":{"self":[{"href":"https:\/\/www.victoriagarden.com\/es\/wp-json\/wp\/v2\/pages\/274","targetHints":{"allow":["GET"]}}],"collection":[{"href":"https:\/\/www.victoriagarden.com\/es\/wp-json\/wp\/v2\/pages"}],"about":[{"href":"https:\/\/www.victoriagarden.com\/es\/wp-json\/wp\/v2\/types\/page"}],"author":[{"embeddable":true,"href":"https:\/\/www.victoriagarden.com\/es\/wp-json\/wp\/v2\/users\/12"}],"replies":[{"embeddable":true,"href":"https:\/\/www.victoriagarden.com\/es\/wp-json\/wp\/v2\/comments?post=274"}],"version-history":[{"count":0,"href":"https:\/\/www.victoriagarden.com\/es\/wp-json\/wp\/v2\/pages\/274\/revisions"}],"wp:attachment":[{"href":"https:\/\/www.victoriagarden.com\/es\/wp-json\/wp\/v2\/media?parent=274"}],"curies":[{"name":"wp","href":"https:\/\/api.w.org\/{rel}","templated":true}]}}