{"id":1890,"date":"2022-02-07T14:55:06","date_gmt":"2022-02-07T13:55:06","guid":{"rendered":"https:\/\/www.victoriagarden.com\/?page_id=1890"},"modified":"2024-11-04T18:32:27","modified_gmt":"2024-11-04T17:32:27","slug":"nuestras-ofertas-de-empleo","status":"publish","type":"page","link":"https:\/\/www.victoriagarden.com\/es\/nuestras-ofertas-de-empleo\/","title":{"rendered":"Nuestras ofertas de empleo"},"content":{"rendered":"\n<p><br>Solicite ahora nuestras ofertas de empleo y \u00fanase a la aventura de Victoria Garden en cualquier lugar de Francia.<\/p>\n\n\n\n<p>En Victoria Garden hay \u00abvictoria\u00bb y \u00abjard\u00edn\u00bb. El esp\u00edritu de Victoria Garden, perdona el lirismo, es la victoria de tu jard\u00edn interior: el que cultivas y que necesita nutrirse de muchas experiencias nuevas.<\/p>\n","protected":false},"excerpt":{"rendered":"","protected":false},"author":27,"featured_media":0,"parent":0,"menu_order":0,"comment_status":"closed","ping_status":"closed","template":"views\/job.blade.php","meta":{"footnotes":""},"class_list":["post-1890","page","type-page","status-publish","hentry"],"acf":[],"yoast_head":"<!-- This site is optimized with the Yoast SEO plugin v20.8 - https:\/\/yoast.com\/wordpress\/plugins\/seo\/ -->\n<title>Solicite nuestro Nuestras ofertas de empleo - Victoria Garden<\/title>\n<meta name=\"description\" content=\"Solicite ahora las ofertas de empleo de Victoria Garden y \u00fanase a la aventura en Bordeaux\" \/>\n<meta name=\"robots\" content=\"index, follow, max-snippet:-1, max-image-preview:large, max-video-preview:-1\" \/>\n<link rel=\"canonical\" href=\"https:\/\/www.victoriagarden.com\/es\/nuestras-ofertas-de-empleo\/\" \/>\n<meta property=\"og:locale\" content=\"es_ES\" \/>\n<meta property=\"og:type\" content=\"article\" \/>\n<meta property=\"og:title\" content=\"Solicite nuestro Nuestras ofertas de empleo - Victoria Garden\" \/>\n<meta property=\"og:description\" content=\"Solicite ahora las ofertas de empleo de Victoria Garden y \u00fanase a la aventura en Bordeaux\" \/>\n<meta property=\"og:url\" content=\"https:\/\/www.victoriagarden.com\/es\/nuestras-ofertas-de-empleo\/\" \/>\n<meta property=\"og:site_name\" content=\"Victoria Garden\" \/>\n<meta property=\"article:modified_time\" content=\"2024-11-04T17:32:27+00:00\" \/>\n<meta name=\"twitter:card\" content=\"summary_large_image\" \/>\n<script type=\"application\/ld+json\" class=\"yoast-schema-graph\">{\"@context\":\"https:\/\/schema.org\",\"@graph\":[{\"@type\":\"WebPage\",\"@id\":\"https:\/\/www.victoriagarden.com\/es\/nuestras-ofertas-de-empleo\/\",\"url\":\"https:\/\/www.victoriagarden.com\/es\/nuestras-ofertas-de-empleo\/\",\"name\":\"Solicite nuestro Nuestras ofertas de empleo - Victoria Garden\",\"isPartOf\":{\"@id\":\"https:\/\/www.victoriagarden.com\/#website\"},\"datePublished\":\"2022-02-07T13:55:06+00:00\",\"dateModified\":\"2024-11-04T17:32:27+00:00\",\"description\":\"Solicite ahora las ofertas de empleo de Victoria Garden y \u00fanase a la aventura en Bordeaux\",\"breadcrumb\":{\"@id\":\"https:\/\/www.victoriagarden.com\/es\/nuestras-ofertas-de-empleo\/#breadcrumb\"},\"inLanguage\":\"es\",\"potentialAction\":[{\"@type\":\"ReadAction\",\"target\":[\"https:\/\/www.victoriagarden.com\/es\/nuestras-ofertas-de-empleo\/\"]}]},{\"@type\":\"BreadcrumbList\",\"@id\":\"https:\/\/www.victoriagarden.com\/es\/nuestras-ofertas-de-empleo\/#breadcrumb\",\"itemListElement\":[{\"@type\":\"ListItem\",\"position\":1,\"name\":\"Accueil\",\"item\":\"https:\/\/www.victoriagarden.com\/es\/\"},{\"@type\":\"ListItem\",\"position\":2,\"name\":\"Nuestras ofertas de empleo\"}]},{\"@type\":\"WebSite\",\"@id\":\"https:\/\/www.victoriagarden.com\/#website\",\"url\":\"https:\/\/www.victoriagarden.com\/\",\"name\":\"Victoria Garden\",\"description\":\"Le d\u00e9paysement n&#039;a jamais \u00e9t\u00e9 aussi proche\",\"potentialAction\":[{\"@type\":\"SearchAction\",\"target\":{\"@type\":\"EntryPoint\",\"urlTemplate\":\"https:\/\/www.victoriagarden.com\/?s={search_term_string}\"},\"query-input\":\"required name=search_term_string\"}],\"inLanguage\":\"es\"}]}<\/script>\n<!-- \/ Yoast SEO plugin. -->","yoast_head_json":{"title":"Solicite nuestro Nuestras ofertas de empleo - Victoria Garden","description":"Solicite ahora las ofertas de empleo de Victoria Garden y \u00fanase a la aventura en Bordeaux","robots":{"index":"index","follow":"follow","max-snippet":"max-snippet:-1","max-image-preview":"max-image-preview:large","max-video-preview":"max-video-preview:-1"},"canonical":"https:\/\/www.victoriagarden.com\/es\/nuestras-ofertas-de-empleo\/","og_locale":"es_ES","og_type":"article","og_title":"Solicite nuestro Nuestras ofertas de empleo - Victoria Garden","og_description":"Solicite ahora las ofertas de empleo de Victoria Garden y \u00fanase a la aventura en Bordeaux","og_url":"https:\/\/www.victoriagarden.com\/es\/nuestras-ofertas-de-empleo\/","og_site_name":"Victoria Garden","article_modified_time":"2024-11-04T17:32:27+00:00","twitter_card":"summary_large_image","schema":{"@context":"https:\/\/schema.org","@graph":[{"@type":"WebPage","@id":"https:\/\/www.victoriagarden.com\/es\/nuestras-ofertas-de-empleo\/","url":"https:\/\/www.victoriagarden.com\/es\/nuestras-ofertas-de-empleo\/","name":"Solicite nuestro Nuestras ofertas de empleo - Victoria Garden","isPartOf":{"@id":"https:\/\/www.victoriagarden.com\/#website"},"datePublished":"2022-02-07T13:55:06+00:00","dateModified":"2024-11-04T17:32:27+00:00","description":"Solicite ahora las ofertas de empleo de Victoria Garden y \u00fanase a la aventura en Bordeaux","breadcrumb":{"@id":"https:\/\/www.victoriagarden.com\/es\/nuestras-ofertas-de-empleo\/#breadcrumb"},"inLanguage":"es","potentialAction":[{"@type":"ReadAction","target":["https:\/\/www.victoriagarden.com\/es\/nuestras-ofertas-de-empleo\/"]}]},{"@type":"BreadcrumbList","@id":"https:\/\/www.victoriagarden.com\/es\/nuestras-ofertas-de-empleo\/#breadcrumb","itemListElement":[{"@type":"ListItem","position":1,"name":"Accueil","item":"https:\/\/www.victoriagarden.com\/es\/"},{"@type":"ListItem","position":2,"name":"Nuestras ofertas de empleo"}]},{"@type":"WebSite","@id":"https:\/\/www.victoriagarden.com\/#website","url":"https:\/\/www.victoriagarden.com\/","name":"Victoria Garden","description":"Le d\u00e9paysement n&#039;a jamais \u00e9t\u00e9 aussi proche","potentialAction":[{"@type":"SearchAction","target":{"@type":"EntryPoint","urlTemplate":"https:\/\/www.victoriagarden.com\/?s={search_term_string}"},"query-input":"required name=search_term_string"}],"inLanguage":"es"}]}},"_links":{"self":[{"href":"https:\/\/www.victoriagarden.com\/es\/wp-json\/wp\/v2\/pages\/1890","targetHints":{"allow":["GET"]}}],"collection":[{"href":"https:\/\/www.victoriagarden.com\/es\/wp-json\/wp\/v2\/pages"}],"about":[{"href":"https:\/\/www.victoriagarden.com\/es\/wp-json\/wp\/v2\/types\/page"}],"author":[{"embeddable":true,"href":"https:\/\/www.victoriagarden.com\/es\/wp-json\/wp\/v2\/users\/27"}],"replies":[{"embeddable":true,"href":"https:\/\/www.victoriagarden.com\/es\/wp-json\/wp\/v2\/comments?post=1890"}],"version-history":[{"count":0,"href":"https:\/\/www.victoriagarden.com\/es\/wp-json\/wp\/v2\/pages\/1890\/revisions"}],"wp:attachment":[{"href":"https:\/\/www.victoriagarden.com\/es\/wp-json\/wp\/v2\/media?parent=1890"}],"curies":[{"name":"wp","href":"https:\/\/api.w.org\/{rel}","templated":true}]}}