{"id":1887,"date":"2022-02-07T14:52:57","date_gmt":"2022-02-07T13:52:57","guid":{"rendered":"https:\/\/www.victoriagarden.com\/?page_id=1887"},"modified":"2026-02-02T16:25:04","modified_gmt":"2026-02-02T15:25:04","slug":"avisos-legales","status":"publish","type":"page","link":"https:\/\/www.victoriagarden.com\/es\/avisos-legales\/","title":{"rendered":"Informaci\u00f3n legal"},"content":{"rendered":"\n<h4 class=\"wp-block-heading\"><strong><strong>Titular del sitio https:\/\/www.victoriagarden.com<\/strong><\/strong><\/h4>\n\n\n\n<p><br>\n<p>El presente sitio web est\u00e1 editado por:<br>VICTORIA GARDEN \u2013 STE D&#8217;INVESTISSEMENTS HOTELIERS &amp; IMMOBILIERS<br>SAS, sociedad por acciones simplificada<br>Capital social: 371 900 euros<br>Domicilio social: 31 avenue de Mirande 33200 Bordeaux<br>RCS: 493629208 Bordeaux<br>SIRET: 49362920800023<br>IVA intracomunitario: FR82493629208<br>Sitio web: <a href=\"https:\/\/www.victoriagarden.com\/\">https:\/\/www.victoriagarden.com\/<\/a><\/p><\/p>\n\n\n\n<p>Director de la publicaci\u00f3n: Hadrien Ormieres<br>Email de contacto: <a href=\"mailto:communication@victoriagarden.com\">communication@victoriagarden.com<\/a><\/p>\n\n\n\n<div style=\"height:100px\" aria-hidden=\"true\" class=\"wp-block-spacer\"><\/div>\n\n\n\n<h4 class=\"wp-block-heading\"><strong><strong>Alojamiento<\/strong><\/strong><\/h4>\n\n\n\n<p><br>\n<p>El sitio web <a href=\"https:\/\/www.victoriagarden.com\">https:\/\/www.victoriagarden.com<\/a> est\u00e1 alojado por:<br>OVHcloud<br>2 Rue Kellermann, 59100 Roubaix<br>Tel\u00e9fono: 09 72 10 10 07<br><a href=\"https:\/\/www.ovhcloud.com\/es\">https:\/\/www.ovhcloud.com\/es<\/a><\/p><\/p>\n\n\n\n<div style=\"height:100px\" aria-hidden=\"true\" class=\"wp-block-spacer\"><\/div>\n\n\n\n<h4 class=\"wp-block-heading\"><strong><strong>Datos personales<\/strong><\/strong><\/h4>\n\n\n\n<p><br>\n<p>Los datos personales recogidos en el sitio web <a href=\"https:\/\/www.victoriagarden.com\">https:\/\/www.victoriagarden.com<\/a> (formulario de contacto, solicitud de informaci\u00f3n, reserva) est\u00e1n destinados exclusivamente a Victoria Garden y se utilizan \u00fanicamente en el marco de la relaci\u00f3n comercial y el tratamiento de las solicitudes. En ning\u00fan caso los datos ser\u00e1n cedidos o vendidos a terceros.<\/p><\/p>\n\n\n\n<p>Los datos se conservan durante el tiempo estrictamente necesario para los fines para los que fueron recogidos. Para obtener m\u00e1s informaci\u00f3n, puede consultar nuestra <strong>pol\u00edtica de privacidad.<\/strong><\/p>\n\n\n\n<p>De conformidad con la normativa vigente (RGPD), usted dispone de un derecho de acceso, rectificaci\u00f3n, supresi\u00f3n, oposici\u00f3n y limitaci\u00f3n del tratamiento de sus datos.<\/p>\n\n\n\n<p>Para ejercer estos derechos, puede ponerse en contacto con:<br><strong>rgpd@victoriagarden.com<\/strong><\/p>\n\n\n\n<div style=\"height:100px\" aria-hidden=\"true\" class=\"wp-block-spacer\"><\/div>\n\n\n\n<h4 class=\"wp-block-heading\"><strong>Cookies<\/strong><\/h4>\n\n\n\n<p><br>\n<p>El sitio web <a href=\"https:\/\/www.victoriagarden.com\">https:\/\/www.victoriagarden.com<\/a> puede utilizar cookies para mejorar la experiencia del usuario, medir la audiencia y ofrecer servicios adaptados.<\/p><\/p>\n\n\n\n<p>Usted puede en cualquier momento aceptar, rechazar o configurar el uso de cookies a trav\u00e9s del banner de gesti\u00f3n previsto para tal fin.<\/p>\n\n\n\n<p>Para obtener m\u00e1s informaci\u00f3n, puede consultar nuestra <strong>pol\u00edtica de cookies.<\/strong><\/p>\n\n\n\n<div style=\"height:100px\" aria-hidden=\"true\" class=\"wp-block-spacer\"><\/div>\n\n\n\n<p><strong><strong>Responsabilidad<\/strong><\/strong><\/p>\n\n\n\n<p><br>\n<p>Victoria Garden se esfuerza por proporcionar en el sitio web la informaci\u00f3n m\u00e1s precisa posible. Sin embargo, no se hace responsable de las omisiones, inexactitudes o posibles actualizaciones no realizadas.<\/p><\/p>\n\n\n\n<p>La informaci\u00f3n presente en el sitio web se facilita a t\u00edtulo indicativo y est\u00e1 sujeta a cambios. Las tarifas y disponibilidades mostradas no son contractuales.<\/p>\n\n\n\n<div style=\"height:100px\" aria-hidden=\"true\" class=\"wp-block-spacer\"><\/div>\n\n\n\n<h4 class=\"wp-block-heading\"><strong><strong>Propiedad intelectual<\/strong><\/strong><\/h4>\n\n\n\n<p><br>\n<p>Todo el contenido presente en el sitio web <a href=\"https:\/\/www.victoriagarden.com\">https:\/\/www.victoriagarden.com<\/a> (textos, im\u00e1genes, fotograf\u00edas, v\u00eddeos, logotipos, gr\u00e1ficos, iconos, sonidos, software, estructura del sitio, etc.) est\u00e1 protegido por el derecho de propiedad intelectual y es propiedad exclusiva de Victoria Garden, a menos que se indique lo contrario.<\/p><\/p>\n\n\n\n<p>Cualquier reproducci\u00f3n, representaci\u00f3n, modificaci\u00f3n, publicaci\u00f3n, adaptaci\u00f3n o explotaci\u00f3n, total o parcial, de los elementos del sitio web, por cualquier procedimiento que sea, sin la autorizaci\u00f3n previa por escrito de Victoria Garden, est\u00e1 estrictamente prohibida y constituye una infracci\u00f3n que puede comprometer la responsabilidad civil y penal de su autor.<\/p>\n\n\n\n<p>Cualquier uso no autorizado del sitio web o de cualquiera de los elementos que contiene ser\u00e1 considerado constitutivo de una infracci\u00f3n.<\/p>\n\n\n\n<p>Algunos elementos visuales presentes en el sitio web pueden proceder de proveedores o bancos de im\u00e1genes y se utilizan de acuerdo con las licencias asociadas.<\/p>\n\n\n\n<div style=\"height:100px\" aria-hidden=\"true\" class=\"wp-block-spacer\"><\/div>\n\n\n\n<h4 class=\"wp-block-heading\"><strong><strong>Derecho aplicable<\/strong><\/strong><\/h4>\n\n\n\n<p><br> <p>El presente sitio web est\u00e1 sujeto al derecho franc\u00e9s. En caso de litigio, los tribunales franceses ser\u00e1n los \u00fanicos competentes.<\/p><\/p>\n\n\n\n<p><\/p>\n","protected":false},"excerpt":{"rendered":"","protected":false},"author":27,"featured_media":0,"parent":0,"menu_order":0,"comment_status":"closed","ping_status":"closed","template":"","meta":[],"acf":[],"yoast_head":"<!-- This site is optimized with the Yoast SEO plugin v20.8 - https:\/\/yoast.com\/wordpress\/plugins\/seo\/ -->\n<title>Informaci\u00f3n legal - Victoria Garden<\/title>\n<meta name=\"description\" content=\"Derechos reservados y declaraci\u00f3n de privacidad.\" \/>\n<meta name=\"robots\" content=\"index, follow, max-snippet:-1, max-image-preview:large, max-video-preview:-1\" \/>\n<link rel=\"canonical\" href=\"https:\/\/www.victoriagarden.com\/es\/avisos-legales\/\" \/>\n<meta property=\"og:locale\" content=\"es_ES\" \/>\n<meta property=\"og:type\" content=\"article\" \/>\n<meta property=\"og:title\" content=\"Informaci\u00f3n legal - Victoria Garden\" \/>\n<meta property=\"og:description\" content=\"Derechos reservados y declaraci\u00f3n de privacidad.\" \/>\n<meta property=\"og:url\" content=\"https:\/\/www.victoriagarden.com\/es\/avisos-legales\/\" \/>\n<meta property=\"og:site_name\" content=\"Victoria Garden\" \/>\n<meta property=\"article:modified_time\" content=\"2026-02-02T15:25:04+00:00\" \/>\n<meta name=\"twitter:card\" content=\"summary_large_image\" \/>\n<meta name=\"twitter:label1\" content=\"Tiempo de lectura\" \/>\n\t<meta name=\"twitter:data1\" content=\"3 minutos\" \/>\n<script type=\"application\/ld+json\" class=\"yoast-schema-graph\">{\"@context\":\"https:\/\/schema.org\",\"@graph\":[{\"@type\":\"WebPage\",\"@id\":\"https:\/\/www.victoriagarden.com\/es\/avisos-legales\/\",\"url\":\"https:\/\/www.victoriagarden.com\/es\/avisos-legales\/\",\"name\":\"Informaci\u00f3n legal - Victoria Garden\",\"isPartOf\":{\"@id\":\"https:\/\/www.victoriagarden.com\/#website\"},\"datePublished\":\"2022-02-07T13:52:57+00:00\",\"dateModified\":\"2026-02-02T15:25:04+00:00\",\"description\":\"Derechos reservados y declaraci\u00f3n de privacidad.\",\"breadcrumb\":{\"@id\":\"https:\/\/www.victoriagarden.com\/es\/avisos-legales\/#breadcrumb\"},\"inLanguage\":\"es\",\"potentialAction\":[{\"@type\":\"ReadAction\",\"target\":[\"https:\/\/www.victoriagarden.com\/es\/avisos-legales\/\"]}]},{\"@type\":\"BreadcrumbList\",\"@id\":\"https:\/\/www.victoriagarden.com\/es\/avisos-legales\/#breadcrumb\",\"itemListElement\":[{\"@type\":\"ListItem\",\"position\":1,\"name\":\"Accueil\",\"item\":\"https:\/\/www.victoriagarden.com\/es\/\"},{\"@type\":\"ListItem\",\"position\":2,\"name\":\"Informaci\u00f3n legal\"}]},{\"@type\":\"WebSite\",\"@id\":\"https:\/\/www.victoriagarden.com\/#website\",\"url\":\"https:\/\/www.victoriagarden.com\/\",\"name\":\"Victoria Garden\",\"description\":\"Le d\u00e9paysement n&#039;a jamais \u00e9t\u00e9 aussi proche\",\"potentialAction\":[{\"@type\":\"SearchAction\",\"target\":{\"@type\":\"EntryPoint\",\"urlTemplate\":\"https:\/\/www.victoriagarden.com\/?s={search_term_string}\"},\"query-input\":\"required name=search_term_string\"}],\"inLanguage\":\"es\"}]}<\/script>\n<!-- \/ Yoast SEO plugin. -->","yoast_head_json":{"title":"Informaci\u00f3n legal - Victoria Garden","description":"Derechos reservados y declaraci\u00f3n de privacidad.","robots":{"index":"index","follow":"follow","max-snippet":"max-snippet:-1","max-image-preview":"max-image-preview:large","max-video-preview":"max-video-preview:-1"},"canonical":"https:\/\/www.victoriagarden.com\/es\/avisos-legales\/","og_locale":"es_ES","og_type":"article","og_title":"Informaci\u00f3n legal - Victoria Garden","og_description":"Derechos reservados y declaraci\u00f3n de privacidad.","og_url":"https:\/\/www.victoriagarden.com\/es\/avisos-legales\/","og_site_name":"Victoria Garden","article_modified_time":"2026-02-02T15:25:04+00:00","twitter_card":"summary_large_image","twitter_misc":{"Tiempo de lectura":"3 minutos"},"schema":{"@context":"https:\/\/schema.org","@graph":[{"@type":"WebPage","@id":"https:\/\/www.victoriagarden.com\/es\/avisos-legales\/","url":"https:\/\/www.victoriagarden.com\/es\/avisos-legales\/","name":"Informaci\u00f3n legal - Victoria Garden","isPartOf":{"@id":"https:\/\/www.victoriagarden.com\/#website"},"datePublished":"2022-02-07T13:52:57+00:00","dateModified":"2026-02-02T15:25:04+00:00","description":"Derechos reservados y declaraci\u00f3n de privacidad.","breadcrumb":{"@id":"https:\/\/www.victoriagarden.com\/es\/avisos-legales\/#breadcrumb"},"inLanguage":"es","potentialAction":[{"@type":"ReadAction","target":["https:\/\/www.victoriagarden.com\/es\/avisos-legales\/"]}]},{"@type":"BreadcrumbList","@id":"https:\/\/www.victoriagarden.com\/es\/avisos-legales\/#breadcrumb","itemListElement":[{"@type":"ListItem","position":1,"name":"Accueil","item":"https:\/\/www.victoriagarden.com\/es\/"},{"@type":"ListItem","position":2,"name":"Informaci\u00f3n legal"}]},{"@type":"WebSite","@id":"https:\/\/www.victoriagarden.com\/#website","url":"https:\/\/www.victoriagarden.com\/","name":"Victoria Garden","description":"Le d\u00e9paysement n&#039;a jamais \u00e9t\u00e9 aussi proche","potentialAction":[{"@type":"SearchAction","target":{"@type":"EntryPoint","urlTemplate":"https:\/\/www.victoriagarden.com\/?s={search_term_string}"},"query-input":"required name=search_term_string"}],"inLanguage":"es"}]}},"_links":{"self":[{"href":"https:\/\/www.victoriagarden.com\/es\/wp-json\/wp\/v2\/pages\/1887"}],"collection":[{"href":"https:\/\/www.victoriagarden.com\/es\/wp-json\/wp\/v2\/pages"}],"about":[{"href":"https:\/\/www.victoriagarden.com\/es\/wp-json\/wp\/v2\/types\/page"}],"author":[{"embeddable":true,"href":"https:\/\/www.victoriagarden.com\/es\/wp-json\/wp\/v2\/users\/27"}],"replies":[{"embeddable":true,"href":"https:\/\/www.victoriagarden.com\/es\/wp-json\/wp\/v2\/comments?post=1887"}],"version-history":[{"count":0,"href":"https:\/\/www.victoriagarden.com\/es\/wp-json\/wp\/v2\/pages\/1887\/revisions"}],"wp:attachment":[{"href":"https:\/\/www.victoriagarden.com\/es\/wp-json\/wp\/v2\/media?parent=1887"}],"curies":[{"name":"wp","href":"https:\/\/api.w.org\/{rel}","templated":true}]}}