{"id":781,"date":"2020-12-04T12:01:26","date_gmt":"2020-12-04T11:01:26","guid":{"rendered":"https:\/\/www.victoriagarden.com\/?page_id=781"},"modified":"2024-01-24T15:56:59","modified_gmt":"2024-01-24T14:56:59","slug":"manifesto","status":"publish","type":"page","link":"https:\/\/www.victoriagarden.com\/en\/manifesto\/","title":{"rendered":"Manifesto"},"content":{"rendered":"\n<p>In Victoria Garden there is &#8220;victory&#8221; and &#8220;garden&#8221;. The Victoria Garden spirit, forgive the lyrical flight, is the victory of your inner garden: the one you cultivate and which needs to be nourished by many new experiences.<\/p>\n\n\n\n<p>No need to move, expatriate, go to the end of the world or retire in India. No need for a climbing seminar on Mont Blanc. The best of home, elsewhere.<\/p>\n","protected":false},"excerpt":{"rendered":"","protected":false},"author":12,"featured_media":0,"parent":0,"menu_order":0,"comment_status":"closed","ping_status":"closed","template":"views\/manifesto.blade.php","meta":{"footnotes":""},"class_list":["post-781","page","type-page","status-publish","hentry"],"acf":[],"yoast_head":"<!-- This site is optimized with the Yoast SEO plugin v20.8 - https:\/\/yoast.com\/wordpress\/plugins\/seo\/ -->\n<title>Manifesto - ESG commitments - Team spirit - Victoria Garden<\/title>\n<meta name=\"description\" content=\"Find out more about Victoria Garden&#039;s concept and history. Discover our ESG commitments and CSR charter. Enjoy our team spirit and dedication.\" \/>\n<meta name=\"robots\" content=\"index, follow, max-snippet:-1, max-image-preview:large, max-video-preview:-1\" \/>\n<link rel=\"canonical\" href=\"https:\/\/www.victoriagarden.com\/en\/manifesto\/\" \/>\n<meta property=\"og:locale\" content=\"en_US\" \/>\n<meta property=\"og:type\" content=\"article\" \/>\n<meta property=\"og:title\" content=\"Manifesto - ESG commitments - Team spirit - Victoria Garden\" \/>\n<meta property=\"og:description\" content=\"Find out more about Victoria Garden&#039;s concept and history. Discover our ESG commitments and CSR charter. Enjoy our team spirit and dedication.\" \/>\n<meta property=\"og:url\" content=\"https:\/\/www.victoriagarden.com\/en\/manifesto\/\" \/>\n<meta property=\"og:site_name\" content=\"Victoria Garden\" \/>\n<meta property=\"article:modified_time\" content=\"2024-01-24T14:56:59+00:00\" \/>\n<meta name=\"twitter:card\" content=\"summary_large_image\" \/>\n<meta name=\"twitter:label1\" content=\"Est. reading time\" \/>\n\t<meta name=\"twitter:data1\" content=\"1 minute\" \/>\n<script type=\"application\/ld+json\" class=\"yoast-schema-graph\">{\"@context\":\"https:\/\/schema.org\",\"@graph\":[{\"@type\":\"WebPage\",\"@id\":\"https:\/\/www.victoriagarden.com\/en\/manifesto\/\",\"url\":\"https:\/\/www.victoriagarden.com\/en\/manifesto\/\",\"name\":\"Manifesto - ESG commitments - Team spirit - Victoria Garden\",\"isPartOf\":{\"@id\":\"https:\/\/www.victoriagarden.com\/#website\"},\"datePublished\":\"2020-12-04T11:01:26+00:00\",\"dateModified\":\"2024-01-24T14:56:59+00:00\",\"description\":\"Find out more about Victoria Garden's concept and history. Discover our ESG commitments and CSR charter. Enjoy our team spirit and dedication.\",\"breadcrumb\":{\"@id\":\"https:\/\/www.victoriagarden.com\/en\/manifesto\/#breadcrumb\"},\"inLanguage\":\"en-US\",\"potentialAction\":[{\"@type\":\"ReadAction\",\"target\":[\"https:\/\/www.victoriagarden.com\/en\/manifesto\/\"]}]},{\"@type\":\"BreadcrumbList\",\"@id\":\"https:\/\/www.victoriagarden.com\/en\/manifesto\/#breadcrumb\",\"itemListElement\":[{\"@type\":\"ListItem\",\"position\":1,\"name\":\"Accueil\",\"item\":\"https:\/\/www.victoriagarden.com\/en\/\"},{\"@type\":\"ListItem\",\"position\":2,\"name\":\"Manifesto\"}]},{\"@type\":\"WebSite\",\"@id\":\"https:\/\/www.victoriagarden.com\/#website\",\"url\":\"https:\/\/www.victoriagarden.com\/\",\"name\":\"Victoria Garden\",\"description\":\"Le d\u00e9paysement n&#039;a jamais \u00e9t\u00e9 aussi proche\",\"potentialAction\":[{\"@type\":\"SearchAction\",\"target\":{\"@type\":\"EntryPoint\",\"urlTemplate\":\"https:\/\/www.victoriagarden.com\/?s={search_term_string}\"},\"query-input\":\"required name=search_term_string\"}],\"inLanguage\":\"en-US\"}]}<\/script>\n<!-- \/ Yoast SEO plugin. -->","yoast_head_json":{"title":"Manifesto - ESG commitments - Team spirit - Victoria Garden","description":"Find out more about Victoria Garden's concept and history. Discover our ESG commitments and CSR charter. Enjoy our team spirit and dedication.","robots":{"index":"index","follow":"follow","max-snippet":"max-snippet:-1","max-image-preview":"max-image-preview:large","max-video-preview":"max-video-preview:-1"},"canonical":"https:\/\/www.victoriagarden.com\/en\/manifesto\/","og_locale":"en_US","og_type":"article","og_title":"Manifesto - ESG commitments - Team spirit - Victoria Garden","og_description":"Find out more about Victoria Garden's concept and history. Discover our ESG commitments and CSR charter. Enjoy our team spirit and dedication.","og_url":"https:\/\/www.victoriagarden.com\/en\/manifesto\/","og_site_name":"Victoria Garden","article_modified_time":"2024-01-24T14:56:59+00:00","twitter_card":"summary_large_image","twitter_misc":{"Est. reading time":"1 minute"},"schema":{"@context":"https:\/\/schema.org","@graph":[{"@type":"WebPage","@id":"https:\/\/www.victoriagarden.com\/en\/manifesto\/","url":"https:\/\/www.victoriagarden.com\/en\/manifesto\/","name":"Manifesto - ESG commitments - Team spirit - Victoria Garden","isPartOf":{"@id":"https:\/\/www.victoriagarden.com\/#website"},"datePublished":"2020-12-04T11:01:26+00:00","dateModified":"2024-01-24T14:56:59+00:00","description":"Find out more about Victoria Garden's concept and history. Discover our ESG commitments and CSR charter. Enjoy our team spirit and dedication.","breadcrumb":{"@id":"https:\/\/www.victoriagarden.com\/en\/manifesto\/#breadcrumb"},"inLanguage":"en-US","potentialAction":[{"@type":"ReadAction","target":["https:\/\/www.victoriagarden.com\/en\/manifesto\/"]}]},{"@type":"BreadcrumbList","@id":"https:\/\/www.victoriagarden.com\/en\/manifesto\/#breadcrumb","itemListElement":[{"@type":"ListItem","position":1,"name":"Accueil","item":"https:\/\/www.victoriagarden.com\/en\/"},{"@type":"ListItem","position":2,"name":"Manifesto"}]},{"@type":"WebSite","@id":"https:\/\/www.victoriagarden.com\/#website","url":"https:\/\/www.victoriagarden.com\/","name":"Victoria Garden","description":"Le d\u00e9paysement n&#039;a jamais \u00e9t\u00e9 aussi proche","potentialAction":[{"@type":"SearchAction","target":{"@type":"EntryPoint","urlTemplate":"https:\/\/www.victoriagarden.com\/?s={search_term_string}"},"query-input":"required name=search_term_string"}],"inLanguage":"en-US"}]}},"_links":{"self":[{"href":"https:\/\/www.victoriagarden.com\/en\/wp-json\/wp\/v2\/pages\/781","targetHints":{"allow":["GET"]}}],"collection":[{"href":"https:\/\/www.victoriagarden.com\/en\/wp-json\/wp\/v2\/pages"}],"about":[{"href":"https:\/\/www.victoriagarden.com\/en\/wp-json\/wp\/v2\/types\/page"}],"author":[{"embeddable":true,"href":"https:\/\/www.victoriagarden.com\/en\/wp-json\/wp\/v2\/users\/12"}],"replies":[{"embeddable":true,"href":"https:\/\/www.victoriagarden.com\/en\/wp-json\/wp\/v2\/comments?post=781"}],"version-history":[{"count":0,"href":"https:\/\/www.victoriagarden.com\/en\/wp-json\/wp\/v2\/pages\/781\/revisions"}],"wp:attachment":[{"href":"https:\/\/www.victoriagarden.com\/en\/wp-json\/wp\/v2\/media?parent=781"}],"curies":[{"name":"wp","href":"https:\/\/api.w.org\/{rel}","templated":true}]}}