{"id":1339,"date":"2020-12-16T11:47:30","date_gmt":"2020-12-16T10:47:30","guid":{"rendered":"https:\/\/www.victoriagarden.com\/?page_id=1339"},"modified":"2022-02-07T14:53:36","modified_gmt":"2022-02-07T13:53:36","slug":"our-job-opportunities","status":"publish","type":"page","link":"https:\/\/www.victoriagarden.com\/en\/our-job-opportunities\/","title":{"rendered":"Our job opportunities"},"content":{"rendered":"\n<p>In Victoria Garden there is &#8220;victory&#8221; and &#8220;garden&#8221;. The Victoria Garden spirit, forgive the lyrical flight, is the victory of your inner garden: the one you cultivate and which needs to be nourished by many new experiences.<\/p>\n\n\n\n<p><br>Apply now to our job offers and join the Victoria Garden adventure all over France!<\/p>\n","protected":false},"excerpt":{"rendered":"","protected":false},"author":12,"featured_media":0,"parent":0,"menu_order":0,"comment_status":"closed","ping_status":"closed","template":"views\/job.blade.php","meta":[],"acf":[],"yoast_head":"<!-- This site is optimized with the Yoast SEO plugin v20.8 - https:\/\/yoast.com\/wordpress\/plugins\/seo\/ -->\n<title>Our job opportunities - Victoria Garden<\/title>\n<meta name=\"robots\" content=\"index, follow, max-snippet:-1, max-image-preview:large, max-video-preview:-1\" \/>\n<link rel=\"canonical\" href=\"https:\/\/www.victoriagarden.com\/en\/our-job-opportunities\/\" \/>\n<meta property=\"og:locale\" content=\"en_US\" \/>\n<meta property=\"og:type\" content=\"article\" \/>\n<meta property=\"og:title\" content=\"Our job opportunities - Victoria Garden\" \/>\n<meta property=\"og:url\" content=\"https:\/\/www.victoriagarden.com\/en\/our-job-opportunities\/\" \/>\n<meta property=\"og:site_name\" content=\"Victoria Garden\" \/>\n<meta property=\"article:modified_time\" content=\"2022-02-07T13:53:36+00:00\" \/>\n<meta name=\"twitter:card\" content=\"summary_large_image\" \/>\n<script type=\"application\/ld+json\" class=\"yoast-schema-graph\">{\"@context\":\"https:\/\/schema.org\",\"@graph\":[{\"@type\":\"WebPage\",\"@id\":\"https:\/\/www.victoriagarden.com\/en\/our-job-opportunities\/\",\"url\":\"https:\/\/www.victoriagarden.com\/en\/our-job-opportunities\/\",\"name\":\"Our job opportunities - Victoria Garden\",\"isPartOf\":{\"@id\":\"https:\/\/www.victoriagarden.com\/#website\"},\"datePublished\":\"2020-12-16T10:47:30+00:00\",\"dateModified\":\"2022-02-07T13:53:36+00:00\",\"breadcrumb\":{\"@id\":\"https:\/\/www.victoriagarden.com\/en\/our-job-opportunities\/#breadcrumb\"},\"inLanguage\":\"en-US\",\"potentialAction\":[{\"@type\":\"ReadAction\",\"target\":[\"https:\/\/www.victoriagarden.com\/en\/our-job-opportunities\/\"]}]},{\"@type\":\"BreadcrumbList\",\"@id\":\"https:\/\/www.victoriagarden.com\/en\/our-job-opportunities\/#breadcrumb\",\"itemListElement\":[{\"@type\":\"ListItem\",\"position\":1,\"name\":\"Accueil\",\"item\":\"https:\/\/www.victoriagarden.com\/en\/\"},{\"@type\":\"ListItem\",\"position\":2,\"name\":\"Our job opportunities\"}]},{\"@type\":\"WebSite\",\"@id\":\"https:\/\/www.victoriagarden.com\/#website\",\"url\":\"https:\/\/www.victoriagarden.com\/\",\"name\":\"Victoria Garden\",\"description\":\"Le d\u00e9paysement n&#039;a jamais \u00e9t\u00e9 aussi proche\",\"potentialAction\":[{\"@type\":\"SearchAction\",\"target\":{\"@type\":\"EntryPoint\",\"urlTemplate\":\"https:\/\/www.victoriagarden.com\/?s={search_term_string}\"},\"query-input\":\"required name=search_term_string\"}],\"inLanguage\":\"en-US\"}]}<\/script>\n<!-- \/ Yoast SEO plugin. -->","yoast_head_json":{"title":"Our job opportunities - Victoria Garden","robots":{"index":"index","follow":"follow","max-snippet":"max-snippet:-1","max-image-preview":"max-image-preview:large","max-video-preview":"max-video-preview:-1"},"canonical":"https:\/\/www.victoriagarden.com\/en\/our-job-opportunities\/","og_locale":"en_US","og_type":"article","og_title":"Our job opportunities - Victoria Garden","og_url":"https:\/\/www.victoriagarden.com\/en\/our-job-opportunities\/","og_site_name":"Victoria Garden","article_modified_time":"2022-02-07T13:53:36+00:00","twitter_card":"summary_large_image","schema":{"@context":"https:\/\/schema.org","@graph":[{"@type":"WebPage","@id":"https:\/\/www.victoriagarden.com\/en\/our-job-opportunities\/","url":"https:\/\/www.victoriagarden.com\/en\/our-job-opportunities\/","name":"Our job opportunities - Victoria Garden","isPartOf":{"@id":"https:\/\/www.victoriagarden.com\/#website"},"datePublished":"2020-12-16T10:47:30+00:00","dateModified":"2022-02-07T13:53:36+00:00","breadcrumb":{"@id":"https:\/\/www.victoriagarden.com\/en\/our-job-opportunities\/#breadcrumb"},"inLanguage":"en-US","potentialAction":[{"@type":"ReadAction","target":["https:\/\/www.victoriagarden.com\/en\/our-job-opportunities\/"]}]},{"@type":"BreadcrumbList","@id":"https:\/\/www.victoriagarden.com\/en\/our-job-opportunities\/#breadcrumb","itemListElement":[{"@type":"ListItem","position":1,"name":"Accueil","item":"https:\/\/www.victoriagarden.com\/en\/"},{"@type":"ListItem","position":2,"name":"Our job opportunities"}]},{"@type":"WebSite","@id":"https:\/\/www.victoriagarden.com\/#website","url":"https:\/\/www.victoriagarden.com\/","name":"Victoria Garden","description":"Le d\u00e9paysement n&#039;a jamais \u00e9t\u00e9 aussi proche","potentialAction":[{"@type":"SearchAction","target":{"@type":"EntryPoint","urlTemplate":"https:\/\/www.victoriagarden.com\/?s={search_term_string}"},"query-input":"required name=search_term_string"}],"inLanguage":"en-US"}]}},"_links":{"self":[{"href":"https:\/\/www.victoriagarden.com\/en\/wp-json\/wp\/v2\/pages\/1339"}],"collection":[{"href":"https:\/\/www.victoriagarden.com\/en\/wp-json\/wp\/v2\/pages"}],"about":[{"href":"https:\/\/www.victoriagarden.com\/en\/wp-json\/wp\/v2\/types\/page"}],"author":[{"embeddable":true,"href":"https:\/\/www.victoriagarden.com\/en\/wp-json\/wp\/v2\/users\/12"}],"replies":[{"embeddable":true,"href":"https:\/\/www.victoriagarden.com\/en\/wp-json\/wp\/v2\/comments?post=1339"}],"version-history":[{"count":0,"href":"https:\/\/www.victoriagarden.com\/en\/wp-json\/wp\/v2\/pages\/1339\/revisions"}],"wp:attachment":[{"href":"https:\/\/www.victoriagarden.com\/en\/wp-json\/wp\/v2\/media?parent=1339"}],"curies":[{"name":"wp","href":"https:\/\/api.w.org\/{rel}","templated":true}]}}